{"id":151,"date":"2025-12-25T21:15:13","date_gmt":"2025-12-25T21:15:13","guid":{"rendered":"https:\/\/trails-ettlingen.de\/?page_id=151"},"modified":"2026-01-06T20:30:44","modified_gmt":"2026-01-06T20:30:44","slug":"privacy-policy","status":"publish","type":"page","link":"https:\/\/trails-ettlingen.de\/en\/start\/supporter-pakete\/privacy-policy\/","title":{"rendered":"Impressum"},"content":{"rendered":"<h3 class=\"wp-block-heading\"><strong>MTB-Club Karlsruhe e.V.<\/strong><\/h3>\n\n\n\n<p>Gesch\u00e4ftsstelle:<br>Tennesseeallee 92<br>76149 Karlsruhe<\/p>\n\n\n\n<p>Vereinsgel\u00e4nde:<br>Battstra\u00dfe 85<br>76199 Karlsruhe<br>(Hinter dem Gel\u00e4nde des RMVE Karlsruhe, Gastst\u00e4tte &#8222;Radhaus&#8220;)<\/p>\n\n\n\n<p><strong>E-Mail<\/strong>:\u00a0<a href=\"mailto:info@mtb-karlsruhe.de\">info@mtb-karlsruhe.de<\/a><\/p>\n\n\n\n<p><strong>Vorstand<\/strong>: vorstand@mtb-karlsruhe.org<br><strong>Internet<\/strong>:\u00a0<a href=\"https:\/\/www.mtb-karlsruhe.de\/\">www.mtb-karlsruhe.de<\/a><br><strong>Fax<\/strong>: +49 (3212) 1150080<\/p>\n\n\n\n<p><strong>Registergericht<\/strong>: Amtsgericht Mannheim<br><strong>Registernummer<\/strong>: VR 102078<\/p>\n\n\n\n<h2 class=\"wp-block-heading\">Vertretungsberechtigter Vorstand<\/h2>\n\n\n\n<p>Holger Fenske (1.Vorsitzender)<br>Heinrich Ziegenhagel (2.Vorsitzender)<br>Jane M\u00fcller (Finanzvorstand)<\/p>\n\n\n\n<p>Mitglied im Badischen Sportbund Nord e.V.<br>BSB-Mitgliedsnummer: 82660<\/p>\n\n\n\n<h2 class=\"wp-block-heading\">Haftungshinweis (Disclaimer)<\/h2>\n\n\n\n<p>Haftungsbeschr\u00e4nkung<\/p>\n\n\n\n<p>Die Inhalte dieser Website werden mit gr\u00f6\u00dftm\u00f6glicher Sorgfalt erstellt. Der Anbieter \u00fcbernimmt jedoch keine Gew\u00e4hr f\u00fcr die Richtigkeit, Vollst\u00e4ndigkeit und Aktualit\u00e4t der bereitgestellten Inhalte. Die Nutzung der Inhalte der Website erfolgt auf eigene Gefahr des Nutzers.<br>Namentlich gekennzeichnete Beitr\u00e4ge geben die Meinung des jeweiligen Autors und nicht immer die Meinung des Anbieters wieder. Mit der reinen Nutzung der Website des Anbieters kommt keinerlei Vertragsverh\u00e4ltnis zwischen dem Nutzer und dem Anbieter zustande.<\/p>\n\n\n\n<p>Externe Links<\/p>\n\n\n\n<p>Trotz sorgf\u00e4ltiger inhaltlicher Kontrolle \u00fcbernehmen wir keine Haftung f\u00fcr die Inhalte externer Links. F\u00fcr den Inhalt der verlinkten Seiten sind ausschlie\u00dflich deren Betreiber verantwortlich.<\/p>\n\n\n\n<h2 class=\"wp-block-heading\">Urheber- und Leistungsschutzrechte<\/h2>\n\n\n\n<p>Die auf dieser Website ver\u00f6ffentlichten Inhalte unterliegen dem deutschen Urheber- und Leistungsschutzrecht. Jede vom deutschen Urheber- und Leistungsschutzrecht nicht zugelassene Verwertung bedarf der vorherigen schriftlichen Zustimmung des Anbieters oder jeweiligen Rechteinhabers. Dies gilt insbesondere f\u00fcr Vervielf\u00e4ltigung, Bearbeitung, \u00dcbersetzung, Einspeicherung, Verarbeitung bzw. Wiedergabe von Inhalten in Datenbanken oder anderen elektronischen Medien und Systemen. Inhalte und Rechte Dritter sind dabei als solche gekennzeichnet. Die unerlaubte Vervielf\u00e4ltigung oder Weitergabe einzelner Inhalte oder kompletter Seiten ist nicht gestattet und strafbar. Lediglich die Herstellung von Kopien und Downloads f\u00fcr den pers\u00f6nlichen, privaten und nicht kommerziellen Gebrauch ist erlaubt. Die Darstellung dieser Website in fremden Frames ist nur mit schriftlicher Erlaubnis zul\u00e4ssig.<\/p>\n\n\n\n<p>Copyright \u00a9 1991-2025, MTB-Club Karlsruhe e.V.<\/p>","protected":false},"excerpt":{"rendered":"<p>MTB-Club Karlsruhe e.V. Gesch\u00e4ftsstelle:Tennesseeallee 9276149 Karlsruhe Vereinsgel\u00e4nde:Battstra\u00dfe 8576199 Karlsruhe(Hinter dem Gel\u00e4nde des RMVE Karlsruhe, Gastst\u00e4tte &#8222;Radhaus&#8220;) E-Mail:\u00a0info@mtb-karlsruhe.de Vorstand: vorstand@mtb-karlsruhe.orgInternet:\u00a0www.mtb-karlsruhe.deFax: +49 (3212) 1150080 Registergericht: Amtsgericht MannheimRegisternummer: VR 102078 Vertretungsberechtigter Vorstand Holger Fenske (1.Vorsitzender)Heinrich Ziegenhagel (2.Vorsitzender)Jane M\u00fcller (Finanzvorstand) Mitglied im Badischen Sportbund Nord e.V.BSB-Mitgliedsnummer: 82660 Haftungshinweis (Disclaimer) Haftungsbeschr\u00e4nkung Die Inhalte dieser Website werden mit gr\u00f6\u00dftm\u00f6glicher Sorgfalt erstellt. [&hellip;]<\/p>\n","protected":false},"author":1,"featured_media":0,"parent":67,"menu_order":0,"comment_status":"closed","ping_status":"closed","template":"page-no-title","meta":{"footnotes":""},"class_list":["post-151","page","type-page","status-publish","hentry"],"_links":{"self":[{"href":"https:\/\/trails-ettlingen.de\/en\/wp-json\/wp\/v2\/pages\/151","targetHints":{"allow":["GET"]}}],"collection":[{"href":"https:\/\/trails-ettlingen.de\/en\/wp-json\/wp\/v2\/pages"}],"about":[{"href":"https:\/\/trails-ettlingen.de\/en\/wp-json\/wp\/v2\/types\/page"}],"author":[{"embeddable":true,"href":"https:\/\/trails-ettlingen.de\/en\/wp-json\/wp\/v2\/users\/1"}],"replies":[{"embeddable":true,"href":"https:\/\/trails-ettlingen.de\/en\/wp-json\/wp\/v2\/comments?post=151"}],"version-history":[{"count":4,"href":"https:\/\/trails-ettlingen.de\/en\/wp-json\/wp\/v2\/pages\/151\/revisions"}],"predecessor-version":[{"id":388,"href":"https:\/\/trails-ettlingen.de\/en\/wp-json\/wp\/v2\/pages\/151\/revisions\/388"}],"up":[{"embeddable":true,"href":"https:\/\/trails-ettlingen.de\/en\/wp-json\/wp\/v2\/pages\/67"}],"wp:attachment":[{"href":"https:\/\/trails-ettlingen.de\/en\/wp-json\/wp\/v2\/media?parent=151"}],"curies":[{"name":"wp","href":"https:\/\/api.w.org\/{rel}","templated":true}]}}